{"id":3946,"date":"2019-03-04T15:08:12","date_gmt":"2019-03-04T15:08:12","guid":{"rendered":"https:\/\/www.vagheggi.es\/blog\/?page_id=3946"},"modified":"2021-01-17T12:17:24","modified_gmt":"2021-01-17T12:17:24","slug":"cuidamos-nuestro-entorno","status":"publish","type":"page","link":"https:\/\/www.vagheggi.es\/blog\/cuidamos-nuestro-entorno","title":{"rendered":"CUIDAMOS NUESTRO ENTORNO"},"content":{"rendered":"<div id=\"pl-3946\"  class=\"panel-layout\" >\n<div id=\"pg-3946-0\"  class=\"panel-grid panel-has-style\"  data-style=\"{&quot;background_display&quot;:&quot;tile&quot;,&quot;bottom_margin&quot;:&quot;0px&quot;,&quot;row_stretch&quot;:&quot;full-stretched&quot;,&quot;cell_alignment&quot;:&quot;flex-start&quot;}\" >\n<div class=\"siteorigin-panels-stretch panel-row-style panel-row-style-for-3946-0\" data-stretch-type=\"full-stretched\" >\n<div id=\"pgc-3946-0-0\"  class=\"panel-grid-cell\"  data-weight=\"1\" >\n<div id=\"panel-3946-0-0-0\" class=\"so-panel widget widget_sow-hero panel-first-child panel-last-child\" data-index=\"0\" data-style=\"{&quot;padding&quot;:&quot;0% 7% 0% 7%&quot;,&quot;background_image_attachment&quot;:false,&quot;background_display&quot;:&quot;tile&quot;}\" >\n<div class=\"panel-widget-style panel-widget-style-for-3946-0-0-0\" >[siteorigin_widget class=\u00bbSiteOrigin_Widget_Hero_Widget\u00bb]<input type=\"hidden\" value=\"{&quot;instance&quot;:{&quot;frames&quot;:[{&quot;content&quot;:&quot;&quot;,&quot;content_selected_editor&quot;:&quot;tinymce&quot;,&quot;background&quot;:{&quot;image&quot;:4526,&quot;image_fallback&quot;:&quot;&quot;,&quot;opacity&quot;:100,&quot;color&quot;:&quot;#333333&quot;,&quot;url&quot;:&quot;&quot;,&quot;so_field_container_state&quot;:&quot;open&quot;,&quot;new_window&quot;:false,&quot;videos&quot;:[]},&quot;buttons&quot;:[]}],&quot;controls&quot;:{&quot;speed&quot;:800,&quot;timeout&quot;:8000,&quot;nav_color_hex&quot;:&quot;#FFFFFF&quot;,&quot;nav_style&quot;:&quot;thin&quot;,&quot;nav_size&quot;:25,&quot;so_field_container_state&quot;:&quot;open&quot;},&quot;design&quot;:{&quot;height&quot;:&quot;0px&quot;,&quot;height_unit&quot;:&quot;px&quot;,&quot;padding&quot;:&quot;225px&quot;,&quot;padding_unit&quot;:&quot;px&quot;,&quot;extra_top_padding&quot;:&quot;0px&quot;,&quot;extra_top_padding_unit&quot;:&quot;px&quot;,&quot;padding_sides&quot;:&quot;60px&quot;,&quot;padding_sides_unit&quot;:&quot;px&quot;,&quot;width&quot;:&quot;1280px&quot;,&quot;width_unit&quot;:&quot;px&quot;,&quot;heading_font&quot;:&quot;&quot;,&quot;heading_size&quot;:&quot;38px&quot;,&quot;heading_size_unit&quot;:&quot;px&quot;,&quot;heading_shadow&quot;:50,&quot;text_size&quot;:&quot;16px&quot;,&quot;text_size_unit&quot;:&quot;px&quot;,&quot;so_field_container_state&quot;:&quot;open&quot;},&quot;_sow_form_id&quot;:&quot;5635bab5be565&quot;},&quot;args&quot;:{&quot;before_widget&quot;:&quot;&lt;div id=\\&quot;panel-3946-0-0-0\\&quot; class=\\&quot;so-panel widget widget_sow-hero panel-first-child panel-last-child\\&quot; data-index=\\&quot;0\\&quot; data-style=\\&quot;{&amp;quot;padding&amp;quot;:&amp;quot;0% 7% 0% 7%&amp;quot;,&amp;quot;background_image_attachment&amp;quot;:false,&amp;quot;background_display&amp;quot;:&amp;quot;tile&amp;quot;}\\&quot; &gt;&lt;div class=\\&quot;panel-widget-style panel-widget-style-for-3946-0-0-0\\&quot; &gt;&quot;,&quot;after_widget&quot;:&quot;&lt;\\\/div&gt;&lt;\\\/div&gt;&quot;,&quot;before_title&quot;:&quot;&lt;h3 class=\\&quot;widget-title\\&quot;&gt;&quot;,&quot;after_title&quot;:&quot;&lt;\\\/h3&gt;&quot;,&quot;widget_id&quot;:&quot;widget-0-0-0&quot;}}\" \/>[\/siteorigin_widget]<\/div>\n<\/div>\n<\/div>\n<\/div>\n<\/div>\n<div id=\"pg-3946-1\"  class=\"panel-grid panel-has-style\"  data-style=\"{&quot;padding&quot;:&quot;3% 13% 3% 13%&quot;,&quot;background_display&quot;:&quot;tile&quot;,&quot;bottom_margin&quot;:&quot;0px&quot;,&quot;row_stretch&quot;:&quot;full-stretched&quot;,&quot;cell_alignment&quot;:&quot;flex-start&quot;}\" >\n<div class=\"siteorigin-panels-stretch panel-row-style panel-row-style-for-3946-1\" data-stretch-type=\"full-stretched\" >\n<div id=\"pgc-3946-1-0\"  class=\"panel-grid-cell\"  data-weight=\"1\" >\n<div id=\"panel-3946-1-0-0\" class=\"so-panel widget widget_sow-editor panel-first-child panel-last-child\" data-index=\"1\" data-style=\"{&quot;padding&quot;:&quot;0% 17% 0% 17%&quot;,&quot;mobile_padding&quot;:&quot;0px 3px 0px 3px&quot;,&quot;background_display&quot;:&quot;tile&quot;}\" >\n<div class=\"panel-widget-style panel-widget-style-for-3946-1-0-0\" >\n<div class=\"so-widget-sow-editor so-widget-sow-editor-base\">\n<div class=\"siteorigin-widget-tinymce textwidget\">\n<p style=\"text-align: justify;\">Desde 1975, <strong>Vagheggi<\/strong> ha decidido ser <strong>\u00abGreen oriented\u00bb<\/strong> cuando a\u00fan no estaba en auge el apoyo a la sostenibilidad. En la investigaci\u00f3n y el desarrollo de productos cosm\u00e9ticos naturales para el rostro y el cuerpo se utilizan elementos y propiedades del mundo natural. Empleamos m\u00e1s de 300 materias primas, aceites esenciales, mol\u00e9culas de flores, plantas, ra\u00edces, algas y minerales. Nuestro objetivo de respetar el ambiente que nos rodea, pero esto no se limita solo a la elecci\u00f3n de ingredientes naturales, sino que tambi\u00e9n incluye la elecci\u00f3n de otros componentes como conservantes, excipientes y fragancias que se eligen bas\u00e1ndose en en su nivel de calidad de seguridad, rendimiento y tolerancia de la piel.<\/p>\n<p style=\"text-align: justify;\">La filosof\u00eda de <strong>Vagheggi<\/strong>, como demuestra su antigua marca de producto <strong>\u00abVagheggi Phytocosmetici\u00bb<\/strong>, radica en la atemporalidad de las ideas que se anticiparon a las tendencias del \u00abverde\u00bb est\u00e1 de moda, y en haber sido capaz de\u00a0 avanzar con consistencia y determinaci\u00f3n, su visi\u00f3n del \u00abverde contempor\u00e1neo\u00bb.<\/p>\n<p style=\"text-align: justify;\">Gracias a la filosof\u00eda que rodea la producci\u00f3n de productos <strong>\u00abVagheggi Phytocosmetici\u00bb<\/strong> nos pudimos anticipar con\u00a0 determinaci\u00f3n a la tendencia \u201cGreen oriented\u201d que actualmente est\u00e1 en auge.<\/p>\n<p style=\"text-align: justify;\">En la selecci\u00f3n de materias primas, <strong>Vagheggi<\/strong> cumple con las pol\u00edticas de comercio justo y desarrollo sostenible, utilizando proveedores que siguen las leyes de desarrollo y protecci\u00f3n ambiental locales e internacionales e interact\u00faan con las comunidades locales, fomentando su trabajo y manteniendo las t\u00e9cnicas tradicionales de cosecha y procesamiento.<\/p>\n<p style=\"text-align: justify;\">Estamos ante el nacimiento de un nuevo lujo, que hemos denominado \u00abLujo sencillo\u00bb, una nueva riqueza vinculada no al exceso ni a la ostentaci\u00f3n de una marca si no a una b\u00fasqueda que comienza desde el individuo hasta encontrar valores aut\u00e9nticos, tanto en contenido como en forma. La persona quiere cuidarse a s\u00ed misma, quiere expresar su propio estilo y el centro de belleza se convierte en el lugar ideal al alcance de todos. El especialista en belleza se convierte en su gu\u00eda que, a trav\u00e9s de un an\u00e1lisis preciso y personalizado de sus necesidades, lo guiar\u00e1 a trav\u00e9s de un programa de bienestar psicof\u00edsico a medida. Vagheggi es <strong>\u00ab<em>Natural Touch is Easy Luxury<\/em>\u00ab<\/strong>, una investigaci\u00f3n que parte del individuo para encontrar valores y contenido aut\u00e9nticos. Nuestro centro de belleza es el lugar id\u00f3neo para ti, donde te dedicamos tiempo y atenci\u00f3n, un lugar donde encontrar tus propios tratamientos personalizados, en armon\u00eda con la naturaleza y por ende con la sofisticaci\u00f3n propia del\u00a0 \u00abLujo sencillo\u00bb.<\/p>\n<\/div>\n<\/div>\n<\/div>\n<\/div>\n<\/div>\n<\/div>\n<\/div>\n<\/div>\n","protected":false},"excerpt":{"rendered":"<p>[siteorigin_widget class=\u00bbSiteOrigin_Widget_Hero_Widget\u00bb][\/siteorigin_widget] Desde 1975, Vagheggi ha decidido ser \u00abGreen oriented\u00bb cuando a\u00fan no estaba en auge el apoyo a la sostenibilidad. En la investigaci\u00f3n y el desarrollo de productos cosm\u00e9ticos naturales para el rostro y el cuerpo se utilizan elementos y propiedades del mundo natural. Empleamos m\u00e1s de 300 materias primas, aceites esenciales, mol\u00e9culas de [&hellip;]<\/p>\n","protected":false},"author":12,"featured_media":0,"parent":0,"menu_order":0,"comment_status":"closed","ping_status":"closed","template":"","meta":[],"yoast_head":"<!-- This site is optimized with the Yoast SEO plugin v19.13 - https:\/\/yoast.com\/wordpress\/plugins\/seo\/ -->\n<title>Vagheggi cuida el entorno y el medio ambiente<\/title>\n<meta name=\"description\" content=\"En Vagheggi nos preocupamos del entorno, del medio ambiente, del desarrollo sostenible y del comercio justo. Cuidamos el planeta adem\u00e1s de cuidar tu piel.\" \/>\n<meta name=\"robots\" content=\"index, follow, max-snippet:-1, max-image-preview:large, max-video-preview:-1\" \/>\n<link rel=\"canonical\" href=\"https:\/\/www.vagheggi.es\/blog\/cuidamos-nuestro-entorno\" \/>\n<meta property=\"og:locale\" content=\"es_ES\" \/>\n<meta property=\"og:type\" content=\"article\" \/>\n<meta property=\"og:title\" content=\"Vagheggi cuida el entorno y el medio ambiente\" \/>\n<meta property=\"og:description\" content=\"En Vagheggi nos preocupamos del entorno, del medio ambiente, del desarrollo sostenible y del comercio justo. Cuidamos el planeta adem\u00e1s de cuidar tu piel.\" \/>\n<meta property=\"og:url\" content=\"https:\/\/www.vagheggi.es\/blog\/cuidamos-nuestro-entorno\" \/>\n<meta property=\"og:site_name\" content=\"VGH Lifestyle\" \/>\n<meta property=\"article:publisher\" content=\"https:\/\/www.facebook.com\/vagheggicosmetica\" \/>\n<meta property=\"article:modified_time\" content=\"2021-01-17T12:17:24+00:00\" \/>\n<meta name=\"twitter:card\" content=\"summary_large_image\" \/>\n<meta name=\"twitter:site\" content=\"@vagheggicosmetica_es\" \/>\n<meta name=\"twitter:label1\" content=\"Tiempo de lectura\" \/>\n\t<meta name=\"twitter:data1\" content=\"2 minutos\" \/>\n<script type=\"application\/ld+json\" class=\"yoast-schema-graph\">{\"@context\":\"https:\/\/schema.org\",\"@graph\":[{\"@type\":\"WebPage\",\"@id\":\"https:\/\/www.vagheggi.es\/blog\/cuidamos-nuestro-entorno\",\"url\":\"https:\/\/www.vagheggi.es\/blog\/cuidamos-nuestro-entorno\",\"name\":\"Vagheggi cuida el entorno y el medio ambiente\",\"isPartOf\":{\"@id\":\"https:\/\/www.vagheggi.es\/blog\/#website\"},\"datePublished\":\"2019-03-04T15:08:12+00:00\",\"dateModified\":\"2021-01-17T12:17:24+00:00\",\"description\":\"En Vagheggi nos preocupamos del entorno, del medio ambiente, del desarrollo sostenible y del comercio justo. Cuidamos el planeta adem\u00e1s de cuidar tu piel.\",\"breadcrumb\":{\"@id\":\"https:\/\/www.vagheggi.es\/blog\/cuidamos-nuestro-entorno#breadcrumb\"},\"inLanguage\":\"es\",\"potentialAction\":[{\"@type\":\"ReadAction\",\"target\":[\"https:\/\/www.vagheggi.es\/blog\/cuidamos-nuestro-entorno\"]}]},{\"@type\":\"BreadcrumbList\",\"@id\":\"https:\/\/www.vagheggi.es\/blog\/cuidamos-nuestro-entorno#breadcrumb\",\"itemListElement\":[{\"@type\":\"ListItem\",\"position\":1,\"name\":\"Portada\",\"item\":\"https:\/\/www.vagheggi.es\/blog\/\"},{\"@type\":\"ListItem\",\"position\":2,\"name\":\"CUIDAMOS NUESTRO ENTORNO\"}]},{\"@type\":\"WebSite\",\"@id\":\"https:\/\/www.vagheggi.es\/blog\/#website\",\"url\":\"https:\/\/www.vagheggi.es\/blog\/\",\"name\":\"VGH Lifestyle\",\"description\":\"VGH Lifestyle\",\"potentialAction\":[{\"@type\":\"SearchAction\",\"target\":{\"@type\":\"EntryPoint\",\"urlTemplate\":\"https:\/\/www.vagheggi.es\/blog\/?s={search_term_string}\"},\"query-input\":\"required name=search_term_string\"}],\"inLanguage\":\"es\"}]}<\/script>\n<!-- \/ Yoast SEO plugin. -->","yoast_head_json":{"title":"Vagheggi cuida el entorno y el medio ambiente","description":"En Vagheggi nos preocupamos del entorno, del medio ambiente, del desarrollo sostenible y del comercio justo. Cuidamos el planeta adem\u00e1s de cuidar tu piel.","robots":{"index":"index","follow":"follow","max-snippet":"max-snippet:-1","max-image-preview":"max-image-preview:large","max-video-preview":"max-video-preview:-1"},"canonical":"https:\/\/www.vagheggi.es\/blog\/cuidamos-nuestro-entorno","og_locale":"es_ES","og_type":"article","og_title":"Vagheggi cuida el entorno y el medio ambiente","og_description":"En Vagheggi nos preocupamos del entorno, del medio ambiente, del desarrollo sostenible y del comercio justo. Cuidamos el planeta adem\u00e1s de cuidar tu piel.","og_url":"https:\/\/www.vagheggi.es\/blog\/cuidamos-nuestro-entorno","og_site_name":"VGH Lifestyle","article_publisher":"https:\/\/www.facebook.com\/vagheggicosmetica","article_modified_time":"2021-01-17T12:17:24+00:00","twitter_card":"summary_large_image","twitter_site":"@vagheggicosmetica_es","twitter_misc":{"Tiempo de lectura":"2 minutos"},"schema":{"@context":"https:\/\/schema.org","@graph":[{"@type":"WebPage","@id":"https:\/\/www.vagheggi.es\/blog\/cuidamos-nuestro-entorno","url":"https:\/\/www.vagheggi.es\/blog\/cuidamos-nuestro-entorno","name":"Vagheggi cuida el entorno y el medio ambiente","isPartOf":{"@id":"https:\/\/www.vagheggi.es\/blog\/#website"},"datePublished":"2019-03-04T15:08:12+00:00","dateModified":"2021-01-17T12:17:24+00:00","description":"En Vagheggi nos preocupamos del entorno, del medio ambiente, del desarrollo sostenible y del comercio justo. Cuidamos el planeta adem\u00e1s de cuidar tu piel.","breadcrumb":{"@id":"https:\/\/www.vagheggi.es\/blog\/cuidamos-nuestro-entorno#breadcrumb"},"inLanguage":"es","potentialAction":[{"@type":"ReadAction","target":["https:\/\/www.vagheggi.es\/blog\/cuidamos-nuestro-entorno"]}]},{"@type":"BreadcrumbList","@id":"https:\/\/www.vagheggi.es\/blog\/cuidamos-nuestro-entorno#breadcrumb","itemListElement":[{"@type":"ListItem","position":1,"name":"Portada","item":"https:\/\/www.vagheggi.es\/blog\/"},{"@type":"ListItem","position":2,"name":"CUIDAMOS NUESTRO ENTORNO"}]},{"@type":"WebSite","@id":"https:\/\/www.vagheggi.es\/blog\/#website","url":"https:\/\/www.vagheggi.es\/blog\/","name":"VGH Lifestyle","description":"VGH Lifestyle","potentialAction":[{"@type":"SearchAction","target":{"@type":"EntryPoint","urlTemplate":"https:\/\/www.vagheggi.es\/blog\/?s={search_term_string}"},"query-input":"required name=search_term_string"}],"inLanguage":"es"}]}},"_links":{"self":[{"href":"https:\/\/www.vagheggi.es\/blog\/wp-json\/wp\/v2\/pages\/3946"}],"collection":[{"href":"https:\/\/www.vagheggi.es\/blog\/wp-json\/wp\/v2\/pages"}],"about":[{"href":"https:\/\/www.vagheggi.es\/blog\/wp-json\/wp\/v2\/types\/page"}],"author":[{"embeddable":true,"href":"https:\/\/www.vagheggi.es\/blog\/wp-json\/wp\/v2\/users\/12"}],"replies":[{"embeddable":true,"href":"https:\/\/www.vagheggi.es\/blog\/wp-json\/wp\/v2\/comments?post=3946"}],"version-history":[{"count":0,"href":"https:\/\/www.vagheggi.es\/blog\/wp-json\/wp\/v2\/pages\/3946\/revisions"}],"wp:attachment":[{"href":"https:\/\/www.vagheggi.es\/blog\/wp-json\/wp\/v2\/media?parent=3946"}],"curies":[{"name":"wp","href":"https:\/\/api.w.org\/{rel}","templated":true}]}}